{"id":1409,"date":"2025-12-01T19:38:08","date_gmt":"2025-12-01T12:38:08","guid":{"rendered":"https:\/\/hafelethailand.com\/cookies\/"},"modified":"2026-01-11T01:42:26","modified_gmt":"2026-01-10T18:42:26","slug":"cookies","status":"publish","type":"page","link":"https:\/\/hafelethailand.com\/en\/cookies\/","title":{"rendered":"Cookies"},"content":{"rendered":"\n<h3 class=\"wp-block-heading\">Introduction<\/h3>\n\n\n\n<p class=\"wp-block-paragraph\">H\u00e4fele (Thailand) Limited (\u201cH\u00e4fele\u201d) may use cookies or other similar technologies (\u201cCookies\u201d) on H\u00e4fele websites to help you have a good experience using the service and enable H\u00e4fele to improve the quality of its services to better meet your needs.<\/p>\n\n\n\n<h3 class=\"wp-block-heading\">What are Cookies?<\/h3>\n\n\n\n<p class=\"wp-block-paragraph\">Cookies are small data files that are downloaded to a web browser, computer equipment, Internet-connected devices such as your smartphone or tablet, to record information and settings such as your current access status, language setting information, information about your browsing history on your favourite websites and\/or applications, so that you can continually use services that use cookies or other similar technologies.<\/p>\n\n\n\n<h3 class=\"wp-block-heading\">Benefits of Cookies<\/h3>\n\n\n\n<p class=\"wp-block-paragraph\">Cookies allow H\u00e4fele to know which parts of the H\u00e4fele website you have visited. This is to enable H\u00e4fele to provide you with a better and more personalized experience and to enable you to continue using the H\u00e4fele website. It allows you to access the service with the default settings every time you use it unless the cookies are deleted which will cause all settings to return to their defaults.<\/p>\n\n\n\n<h3 class=\"wp-block-heading\">Types of Cookies used<\/h3>\n\n\n\n<p class=\"wp-block-paragraph\">The types of Cookies used by H\u00e4fele include but are not limited to the following:<\/p>\n\n\n\n<ol class=\"wp-block-list\">\n<li><strong>Necessary<\/strong>\u00a0basic Cookies to enable the main functionality of the website. This includes accessing secure areas of the website, without this cookie, the website will not function properly and it will be available by default settings without being able to disable it.<\/li>\n\n\n\n<li><strong>Analytics Cookies.<\/strong>\u00a0This will help the website to understand your usage patterns and will improve the user experience by collecting information and reporting the results of your use.<\/li>\n\n\n\n<li><strong>Marketing Cookies.<\/strong>\u00a0It is used to track your behaviour through the website to deliver advertisements tailored to individual users and to enhance advertising effectiveness for publishers and third party advertisers.<\/li>\n<\/ol>\n\n\n\n<figure class=\"wp-block-table\"><table class=\"has-fixed-layout\"><tbody><tr><td class=\"has-text-align-center\" data-align=\"center\" rowspan=\"4\"><strong>Necessary Cookies<\/strong><\/td><td>PHPSESSID<\/td><td><a href=\"http:\/\/www.hafelethailand.com\" rel=\"nofollow\">http:\/\/www.hafelethailand.com<\/a><\/td><td>Necessary<\/td><\/tr><tr><td>_GRECAPTCHA<\/td><td><a href=\"http:\/\/www.google.com\" rel=\"nofollow\">http:\/\/www.google.com<\/a><\/td><td>Necessary<\/td><\/tr><tr><td>cmplz_policy_id<\/td><td><a href=\"http:\/\/www.hafelethailand.com\" rel=\"nofollow\">http:\/\/www.hafelethailand.com<\/a><\/td><td>Other<\/td><\/tr><tr><td>pll_language<\/td><td><a href=\"http:\/\/www.hafelethailand.com\" rel=\"nofollow\">http:\/\/www.hafelethailand.com<\/a><\/td><td>Other<\/td><\/tr><tr><td class=\"has-text-align-center\" data-align=\"center\" rowspan=\"2\"><strong>Analytical\/Performance Cookies<\/strong><\/td><td>_ga, _gat, _gid, _gcl_au, _gat_UA-<\/td><td>.hafelethailand.com<\/td><td>Analytics<\/td><\/tr><tr><td>cmplz_statistics<\/td><td><a href=\"http:\/\/www.hafelethailand.com\" rel=\"nofollow\">http:\/\/www.hafelethailand.com<\/a><\/td><td>Analytics<\/td><\/tr><tr><td class=\"has-text-align-center\" data-align=\"center\" rowspan=\"3\"><strong>Advertising Cookies<\/strong><\/td><td>cmplz_marketing, _fbp<\/td><td><a href=\"http:\/\/www.hafelethailand.com\" rel=\"nofollow\">http:\/\/www.hafelethailand.com<\/a><\/td><td>Advertisement<\/td><\/tr><tr><td>DSID, IDE<\/td><td>.doubleclick.net<\/td><td>Advertisement<\/td><\/tr><tr><td>c_user, m_page_voice, wd, fr, presence, sb, datr, xs<\/td><td>.facebook.com<\/td><td>Advertisement<\/td><\/tr><\/tbody><\/table><\/figure>\n\n\n\n<p class=\"wp-block-paragraph\">In case of linking with third party platforms such as advertising networks, social media, other external website operators, etc., some types of Cookies may be managed by third parties. Therefore, we recommend that you study and understand the Cookies Policy and Privacy Policy of third parties as well.<\/p>\n\n\n\n<h3 class=\"wp-block-heading\">Setting Cookies<\/h3>\n\n\n\n<p class=\"wp-block-paragraph\">You can choose to refuse the use of Cookies according to your preferences by setting your browser or privacy settings to block the collection of information by Cookies in the future. However, if you set your browser or privacy settings to refuse all cookies, you may not be able to use some or all of the functions of the H\u00e4fele Website effectively. You can learn more details from <a href=\"http:\/\/www.allaboutcookies.org\" rel=\"nofollow\">http:\/\/www.allaboutcookies.org<\/a><\/p>\n\n\n\n<h3 class=\"wp-block-heading\">Changes of Cookies Policy<\/h3>\n\n\n\n<p class=\"wp-block-paragraph\">This Cookie Policy may be amended or changed as appropriate to comply with applicable laws and regulations. H\u00e4fele therefore advises you to check to ensure that you understand the changes to this Policy. You can find more information on the collection, use and disclosure of your personal data, rights and controller details, from the H\u00e4fele Privacy Policy on the website\u00a0<a href=\"https:\/\/hafelethailand.com\/en\/privacy-policy\/\" title=\"Privacy Policy\">https:\/\/www.hafelethailand.com\/privacy-policy\u00a0<\/a>You can manage cookies in your browser by setting the following:<\/p>\n\n\n\n<h3 class=\"wp-block-heading\">Contact<\/h3>\n\n\n\n<p class=\"wp-block-paragraph\"><strong>Data Controller details<\/strong><\/p>\n\n\n\n<p class=\"wp-block-paragraph\">Hafele (Thailand) Limited<br>Contact place: The head office is located at No. 57 Soi Sukhumvit 64, Sukhumvit Road, Phra Khanong Tai Subdistrict, Phra Khanong District, Bangkok 10260.<br>Phone: (02) 768-7171 or Fax: (02) 741-7272<br>Email:&nbsp;<a href=\"mailto:info@hafele.co.th\">info@hafele.co.th<\/a><br>Website:&nbsp;<a href=\"https:\/\/www.hafelethailand.com\/\">www.hafelethailand.com<\/a><\/p>\n","protected":false},"excerpt":{"rendered":"<p>Introduction H\u00e4fele (Thailand) Limited (\u201cH\u00e4fele\u201d) may use cookies or other similar technologies (\u201cCookies\u201d) on H\u00e4fele websites to help you have a good experience using the service and enable H\u00e4fele to improve the quality of its services to better meet your needs. What are Cookies? Cookies are small data files that are downloaded to a web [&hellip;]<\/p>\n","protected":false},"author":11572791,"featured_media":0,"parent":0,"menu_order":82,"comment_status":"closed","ping_status":"closed","template":"","meta":{"_crdt_document":"","footnotes":""},"class_list":["post-1409","page","type-page","status-publish","hentry"],"aioseo_notices":[],"jetpack_shortlink":"https:\/\/wp.me\/PgXgGc-mJ","_links":{"self":[{"href":"https:\/\/hafelethailand.com\/en\/wp-json\/wp\/v2\/pages\/1409","targetHints":{"allow":["GET"]}}],"collection":[{"href":"https:\/\/hafelethailand.com\/en\/wp-json\/wp\/v2\/pages"}],"about":[{"href":"https:\/\/hafelethailand.com\/en\/wp-json\/wp\/v2\/types\/page"}],"author":[{"embeddable":true,"href":"https:\/\/hafelethailand.com\/en\/wp-json\/wp\/v2\/users\/11572791"}],"replies":[{"embeddable":true,"href":"https:\/\/hafelethailand.com\/en\/wp-json\/wp\/v2\/comments?post=1409"}],"version-history":[{"count":4,"href":"https:\/\/hafelethailand.com\/en\/wp-json\/wp\/v2\/pages\/1409\/revisions"}],"predecessor-version":[{"id":27857,"href":"https:\/\/hafelethailand.com\/en\/wp-json\/wp\/v2\/pages\/1409\/revisions\/27857"}],"wp:attachment":[{"href":"https:\/\/hafelethailand.com\/en\/wp-json\/wp\/v2\/media?parent=1409"}],"curies":[{"name":"wp","href":"https:\/\/api.w.org\/{rel}","templated":true}]}}